{"id":90,"date":"2021-12-09T23:03:21","date_gmt":"2021-12-09T23:03:21","guid":{"rendered":"https:\/\/vereincassiopeia.ch\/?page_id=90"},"modified":"2025-02-05T08:41:15","modified_gmt":"2025-02-05T08:41:15","slug":"projekte-2","status":"publish","type":"page","link":"https:\/\/vereincassiopeia.ch\/index.php\/projekte-2\/","title":{"rendered":"MusikSpitex"},"content":{"rendered":"\n<p>Im Fr\u00fchjahr 2021, als \u00f6ffentliches Musizieren aufgrund von Covid-19 nicht m\u00f6glich war, hat der Verein cassiopeia ein Projekt gegr\u00fcndet: die <a href=\"http:\/\/www.musik-spitex.ch\" data-type=\"URL\" data-id=\"www.musik-spitex.ch\">Musik<\/a><a href=\"http:\/\/www.musikspitex.ch\" data-type=\"URL\" data-id=\"www.musik-spitex.ch\">Spitex<\/a>.<\/p>\n\n\n\n<figure class=\"wp-block-image size-large is-resized\"><img loading=\"lazy\" decoding=\"async\" width=\"1024\" height=\"651\" src=\"https:\/\/vereincassiopeia.ch\/wp-content\/uploads\/2025\/02\/MusikSpitex-Logo-Verlauf-Font-RGB-01._large-1024x651.png\" alt=\"\" class=\"wp-image-179\" style=\"width:212px;height:auto\" srcset=\"https:\/\/vereincassiopeia.ch\/wp-content\/uploads\/2025\/02\/MusikSpitex-Logo-Verlauf-Font-RGB-01._large-1024x651.png 1024w, https:\/\/vereincassiopeia.ch\/wp-content\/uploads\/2025\/02\/MusikSpitex-Logo-Verlauf-Font-RGB-01._large-300x191.png 300w, https:\/\/vereincassiopeia.ch\/wp-content\/uploads\/2025\/02\/MusikSpitex-Logo-Verlauf-Font-RGB-01._large-768x488.png 768w, https:\/\/vereincassiopeia.ch\/wp-content\/uploads\/2025\/02\/MusikSpitex-Logo-Verlauf-Font-RGB-01._large-1536x977.png 1536w, https:\/\/vereincassiopeia.ch\/wp-content\/uploads\/2025\/02\/MusikSpitex-Logo-Verlauf-Font-RGB-01._large-2048x1302.png 2048w\" sizes=\"auto, (max-width: 1024px) 100vw, 1024px\" \/><\/figure>\n\n\n\n<p>Es handelt sich hierbei um eine Kooperation des Vereins cassiopeia mit \u00f6ffentlichen oder privaten Pflegeinstitutionen. Professionelle Musiker:innen besuchen Personen in Pflege zu Hause und musizieren f\u00fcr diese und mit diesen. Ein kultureller Beitrag, um die Einsamkeit zu durchbrechen, soziale Inklusion zu erm\u00f6glichen und neue sch\u00f6ne Erinnerungen zu erschaffen.<\/p>\n\n\n\n<p>Wir danken der <a href=\"https:\/\/stiftungen.stiftungschweiz.ch\/organisation\/sulger-stiftung\" data-type=\"URL\" data-id=\"https:\/\/stiftungen.stiftungschweiz.ch\/organisation\/sulger-stiftung\">Sulger-Stiftung<\/a> f\u00fcr das entgegengebrachte Vertrauen um das Projekt zu starten.<br>Herzlichen Dank den Stiftungen, die uns erm\u00f6glicht haben, die MusikSpitex auf die gesamte Schweiz auszuweiten! <a href=\"https:\/\/www.ernst-goehner-stiftung.ch\/index.php\/de\">Ernst G\u00f6hner Stiftung<\/a>, <a href=\"https:\/\/www.beisheim-stiftung.com\/ch\/de\">Beisheim Stiftung<\/a>, <a href=\"https:\/\/stiftungen.stiftungschweiz.ch\/organisation\/elly-schnorf-schmid-stiftung\" data-type=\"link\" data-id=\"https:\/\/stiftungen.stiftungschweiz.ch\/organisation\/elly-schnorf-schmid-stiftung\">Elly Schnorf-Schmid Stiftung<\/a>, <a href=\"https:\/\/if-foundation.ch\" data-type=\"link\" data-id=\"https:\/\/if-foundation.ch\">If! Foundation<\/a> und weitere Stiftungen, die anonym bleiben m\u00f6chten. Herzlichen Dank auch unseren privaten Spenderinnen und Spendern, die nicht genannt werden m\u00f6chten. <\/p>\n\n\n\n<p>Wenn Sie unsere Arbeit unterst\u00fctzen m\u00f6chten, k\u00f6nnen Sie zum Beispiel einen Konzertgutschein verschenken oder eine <a href=\"https:\/\/spenden.stiftungschweiz.ch\/donation-standalone\/sqySgbNWtb?mode=standalone\" data-type=\"link\" data-id=\"https:\/\/spenden.stiftungschweiz.ch\/donation-standalone\/sqySgbNWtb?mode=standalone\">Spende<\/a> t\u00e4tigen. <\/p>\n\n\n\n<p><\/p>\n\n\n\n<p><\/p>\n\n\n\n<figure class=\"wp-block-image size-large\"><img loading=\"lazy\" decoding=\"async\" width=\"1024\" height=\"512\" src=\"https:\/\/vereincassiopeia.ch\/wp-content\/uploads\/2025\/02\/MusikSpitex_Banner-Bilder-SW-1024x512.jpg\" alt=\"\" class=\"wp-image-181\" srcset=\"https:\/\/vereincassiopeia.ch\/wp-content\/uploads\/2025\/02\/MusikSpitex_Banner-Bilder-SW-1024x512.jpg 1024w, https:\/\/vereincassiopeia.ch\/wp-content\/uploads\/2025\/02\/MusikSpitex_Banner-Bilder-SW-300x150.jpg 300w, https:\/\/vereincassiopeia.ch\/wp-content\/uploads\/2025\/02\/MusikSpitex_Banner-Bilder-SW-768x384.jpg 768w, https:\/\/vereincassiopeia.ch\/wp-content\/uploads\/2025\/02\/MusikSpitex_Banner-Bilder-SW-1536x768.jpg 1536w, https:\/\/vereincassiopeia.ch\/wp-content\/uploads\/2025\/02\/MusikSpitex_Banner-Bilder-SW.jpg 1653w\" sizes=\"auto, (max-width: 1024px) 100vw, 1024px\" \/><figcaption class=\"wp-element-caption\">\u00a9Daniel Bossart<\/figcaption><\/figure>\n","protected":false},"excerpt":{"rendered":"<p>Im Fr\u00fchjahr 2021, als \u00f6ffentliches Musizieren aufgrund von Covid-19 nicht m\u00f6glich war, hat der Verein cassiopeia ein Projekt gegr\u00fcndet: die MusikSpitex. Es handelt sich hierbei um eine Kooperation des Vereins cassiopeia mit \u00f6ffentlichen oder privaten Pflegeinstitutionen. Professionelle Musiker:innen besuchen Personen in Pflege zu Hause und musizieren f\u00fcr diese und mit diesen. Ein kultureller Beitrag, um [&hellip;]<\/p>\n","protected":false},"author":1,"featured_media":0,"parent":0,"menu_order":0,"comment_status":"closed","ping_status":"closed","template":"","meta":{"_citadela_hide_page_title":"","_citadela_remove_header_space":"","footnotes":""},"class_list":["post-90","page","type-page","status-publish","hentry"],"_links":{"self":[{"href":"https:\/\/vereincassiopeia.ch\/index.php\/wp-json\/wp\/v2\/pages\/90","targetHints":{"allow":["GET"]}}],"collection":[{"href":"https:\/\/vereincassiopeia.ch\/index.php\/wp-json\/wp\/v2\/pages"}],"about":[{"href":"https:\/\/vereincassiopeia.ch\/index.php\/wp-json\/wp\/v2\/types\/page"}],"author":[{"embeddable":true,"href":"https:\/\/vereincassiopeia.ch\/index.php\/wp-json\/wp\/v2\/users\/1"}],"replies":[{"embeddable":true,"href":"https:\/\/vereincassiopeia.ch\/index.php\/wp-json\/wp\/v2\/comments?post=90"}],"version-history":[{"count":16,"href":"https:\/\/vereincassiopeia.ch\/index.php\/wp-json\/wp\/v2\/pages\/90\/revisions"}],"predecessor-version":[{"id":182,"href":"https:\/\/vereincassiopeia.ch\/index.php\/wp-json\/wp\/v2\/pages\/90\/revisions\/182"}],"wp:attachment":[{"href":"https:\/\/vereincassiopeia.ch\/index.php\/wp-json\/wp\/v2\/media?parent=90"}],"curies":[{"name":"wp","href":"https:\/\/api.w.org\/{rel}","templated":true}]}}