{"id":9,"date":"2021-12-05T23:11:06","date_gmt":"2021-12-05T23:11:06","guid":{"rendered":"https:\/\/vereincassiopeia.ch\/?page_id=9"},"modified":"2024-09-01T22:15:25","modified_gmt":"2024-09-01T22:15:25","slug":"ueber-uns","status":"publish","type":"page","link":"https:\/\/vereincassiopeia.ch\/","title":{"rendered":"Verein cassiopeia"},"content":{"rendered":"\n<div class=\"wp-block-media-text is-stacked-on-mobile\" style=\"grid-template-columns:23% auto\"><figure class=\"wp-block-media-text__media\"><img loading=\"lazy\" decoding=\"async\" width=\"945\" height=\"472\" src=\"https:\/\/vereincassiopeia.ch\/wp-content\/uploads\/2021\/12\/Cassiopeia_Logo_Weiss.png\" alt=\"\" class=\"wp-image-31 size-full\" srcset=\"https:\/\/vereincassiopeia.ch\/wp-content\/uploads\/2021\/12\/Cassiopeia_Logo_Weiss.png 945w, https:\/\/vereincassiopeia.ch\/wp-content\/uploads\/2021\/12\/Cassiopeia_Logo_Weiss-300x150.png 300w, https:\/\/vereincassiopeia.ch\/wp-content\/uploads\/2021\/12\/Cassiopeia_Logo_Weiss-768x384.png 768w\" sizes=\"auto, (max-width: 945px) 100vw, 945px\" \/><\/figure><div class=\"wp-block-media-text__content\">\n<p><\/p>\n<\/div><\/div>\n\n\n\n<p><br>Der Verein cassiopeia wurde im Juni 2020 von Tania Barkat und Mirjam Toews gegr\u00fcndet und bezweckt, Menschen mit eingeschr\u00e4nkter Mobilit\u00e4t mittels Musikauff\u00fchrungen (zu Hause, im Wohnheim oder einem Aufenthalt im Spital oder anderen Einrichtung) die M\u00f6glichkeit zur Teilhabe an musikalischer Kunst zu erm\u00f6glichen.<\/p>\n\n\n\n<p>Der aktuelle Vorstand setzt sich aus folgenden Mitgliedern zusammen:<\/p>\n\n\n\n<p><a href=\"https:\/\/www.simonettbaer.com\/contact\/martina-baer\/\">Martina Baer<\/a>, Pr\u00e4sidentin<br><a href=\"https:\/\/www.fhnw.ch\/de\/personen\/carlo-knoepfel\">Prof. Dr. Carlo Kn\u00f6pfel<\/a>, Vize-Pr\u00e4sident<br><a href=\"http:\/\/www.brainsoundlab.com\/people\/tania-barkat\/\">Prof. Dr. Tania Rinaldi Barkat<\/a>, Vorstandsmitglied<br>Emma M\u00fcller-Morungen, Vorstandsmitglied<br><a href=\"http:\/\/www.toews.ch\/mirjam\/\">Mirjam Toews<\/a>, Beisitzerin<\/p>\n","protected":false},"excerpt":{"rendered":"<p>Der Verein cassiopeia wurde im Juni 2020 von Tania Barkat und Mirjam Toews gegr\u00fcndet und bezweckt, Menschen mit eingeschr\u00e4nkter Mobilit\u00e4t mittels Musikauff\u00fchrungen (zu Hause, im Wohnheim oder einem Aufenthalt im Spital oder anderen Einrichtung) die M\u00f6glichkeit zur Teilhabe an musikalischer Kunst zu erm\u00f6glichen. Der aktuelle Vorstand setzt sich aus folgenden Mitgliedern zusammen: Martina Baer, Pr\u00e4sidentinProf. [&hellip;]<\/p>\n","protected":false},"author":1,"featured_media":0,"parent":0,"menu_order":0,"comment_status":"closed","ping_status":"closed","template":"","meta":{"_citadela_hide_page_title":"","_citadela_remove_header_space":"","footnotes":""},"class_list":["post-9","page","type-page","status-publish","hentry"],"_links":{"self":[{"href":"https:\/\/vereincassiopeia.ch\/index.php\/wp-json\/wp\/v2\/pages\/9","targetHints":{"allow":["GET"]}}],"collection":[{"href":"https:\/\/vereincassiopeia.ch\/index.php\/wp-json\/wp\/v2\/pages"}],"about":[{"href":"https:\/\/vereincassiopeia.ch\/index.php\/wp-json\/wp\/v2\/types\/page"}],"author":[{"embeddable":true,"href":"https:\/\/vereincassiopeia.ch\/index.php\/wp-json\/wp\/v2\/users\/1"}],"replies":[{"embeddable":true,"href":"https:\/\/vereincassiopeia.ch\/index.php\/wp-json\/wp\/v2\/comments?post=9"}],"version-history":[{"count":20,"href":"https:\/\/vereincassiopeia.ch\/index.php\/wp-json\/wp\/v2\/pages\/9\/revisions"}],"predecessor-version":[{"id":177,"href":"https:\/\/vereincassiopeia.ch\/index.php\/wp-json\/wp\/v2\/pages\/9\/revisions\/177"}],"wp:attachment":[{"href":"https:\/\/vereincassiopeia.ch\/index.php\/wp-json\/wp\/v2\/media?parent=9"}],"curies":[{"name":"wp","href":"https:\/\/api.w.org\/{rel}","templated":true}]}}