{"id":64,"date":"2021-12-06T11:50:30","date_gmt":"2021-12-06T11:50:30","guid":{"rendered":"https:\/\/vereincassiopeia.ch\/?page_id=64"},"modified":"2023-12-11T12:16:47","modified_gmt":"2023-12-11T12:16:47","slug":"partner","status":"publish","type":"page","link":"https:\/\/vereincassiopeia.ch\/index.php\/ueber-uns\/partner\/","title":{"rendered":"Medien"},"content":{"rendered":"\n<p><\/p>\n\n\n\n<p><\/p>\n\n\n\n<p><\/p>\n\n\n\n<div class=\"wp-block-media-text is-stacked-on-mobile\"><figure class=\"wp-block-media-text__media\"><video controls src=\"https:\/\/vereincassiopeia.ch\/wp-content\/uploads\/2021\/12\/musik_spitex.mp4\"><\/video><\/figure><div class=\"wp-block-media-text__content\">\n<p><a href=\"https:\/\/www.linkedin.com\/posts\/danielbossart76_die-musik-spitex-bringt-kultur-in-den-alltag-activity-6790876392528711680-nExh\" data-type=\"URL\" data-id=\"https:\/\/www.linkedin.com\/posts\/danielbossart76_die-musik-spitex-bringt-kultur-in-den-alltag-activity-6790876392528711680-nExh\">Trailer MusikSpitex<\/a>, Februar 2021<\/p>\n\n\n\n<p>mit freundlicher Unterst\u00fctzung von Bossart-Films<\/p>\n\n\n\n<p><\/p>\n\n\n\n<p><\/p>\n\n\n\n<p><\/p>\n<\/div><\/div>\n\n\n\n<p><\/p>\n\n\n\n<div class=\"wp-block-media-text is-stacked-on-mobile\"><figure class=\"wp-block-media-text__media\"><video controls src=\"https:\/\/vereincassiopeia.ch\/wp-content\/uploads\/2021\/12\/musikspitex_1.mp4\"><\/video><\/figure><div class=\"wp-block-media-text__content\">\n<p><a href=\"https:\/\/telebasel.ch\/2021\/04\/21\/melodien-gegen-die-einsamkeit\/?channel=105100\" data-type=\"URL\" data-id=\"https:\/\/telebasel.ch\/2021\/04\/21\/melodien-gegen-die-einsamkeit\/?channel=105100\">Reportage von Telebasel<\/a> \u00fcber die Musik-Spitex<\/p>\n\n\n\n<p>von Nicolas Bieri am 21. April 2021<\/p>\n<\/div><\/div>\n\n\n\n<p><\/p>\n\n\n\n<div class=\"wp-block-media-text is-stacked-on-mobile\"><figure class=\"wp-block-media-text__media\"><img loading=\"lazy\" decoding=\"async\" width=\"1024\" height=\"577\" src=\"https:\/\/vereincassiopeia.ch\/wp-content\/uploads\/2021\/12\/Bildschirmfoto-2021-07-19-um-10.07.05-1024x577.png\" alt=\"\" class=\"wp-image-102 size-full\" srcset=\"https:\/\/vereincassiopeia.ch\/wp-content\/uploads\/2021\/12\/Bildschirmfoto-2021-07-19-um-10.07.05-1024x577.png 1024w, https:\/\/vereincassiopeia.ch\/wp-content\/uploads\/2021\/12\/Bildschirmfoto-2021-07-19-um-10.07.05-300x169.png 300w, https:\/\/vereincassiopeia.ch\/wp-content\/uploads\/2021\/12\/Bildschirmfoto-2021-07-19-um-10.07.05-768x432.png 768w, https:\/\/vereincassiopeia.ch\/wp-content\/uploads\/2021\/12\/Bildschirmfoto-2021-07-19-um-10.07.05.png 1270w\" sizes=\"auto, (max-width: 1024px) 100vw, 1024px\" \/><\/figure><div class=\"wp-block-media-text__content\">\n<p>Beitrag \u00fcber die Musik-Spitex auf <a href=\"https:\/\/www.srf.ch\/kultur\/musik\/klassische-musik-die-musik-spitex-pflegt-die-seele\" data-type=\"URL\" data-id=\"https:\/\/www.srf.ch\/kultur\/musik\/klassische-musik-die-musik-spitex-pflegt-die-seele\">SRF 2 Kultur<\/a> vom 7. Juli 2021<\/p>\n<\/div><\/div>\n\n\n\n<p><\/p>\n","protected":false},"excerpt":{"rendered":"<p>Trailer MusikSpitex, Februar 2021 mit freundlicher Unterst\u00fctzung von Bossart-Films Reportage von Telebasel \u00fcber die Musik-Spitex von Nicolas Bieri am 21. April 2021 Beitrag \u00fcber die Musik-Spitex auf SRF 2 Kultur vom 7. Juli 2021<\/p>\n","protected":false},"author":1,"featured_media":0,"parent":9,"menu_order":0,"comment_status":"closed","ping_status":"closed","template":"","meta":{"_citadela_hide_page_title":"","_citadela_remove_header_space":"","footnotes":""},"class_list":["post-64","page","type-page","status-publish","hentry"],"_links":{"self":[{"href":"https:\/\/vereincassiopeia.ch\/index.php\/wp-json\/wp\/v2\/pages\/64","targetHints":{"allow":["GET"]}}],"collection":[{"href":"https:\/\/vereincassiopeia.ch\/index.php\/wp-json\/wp\/v2\/pages"}],"about":[{"href":"https:\/\/vereincassiopeia.ch\/index.php\/wp-json\/wp\/v2\/types\/page"}],"author":[{"embeddable":true,"href":"https:\/\/vereincassiopeia.ch\/index.php\/wp-json\/wp\/v2\/users\/1"}],"replies":[{"embeddable":true,"href":"https:\/\/vereincassiopeia.ch\/index.php\/wp-json\/wp\/v2\/comments?post=64"}],"version-history":[{"count":9,"href":"https:\/\/vereincassiopeia.ch\/index.php\/wp-json\/wp\/v2\/pages\/64\/revisions"}],"predecessor-version":[{"id":148,"href":"https:\/\/vereincassiopeia.ch\/index.php\/wp-json\/wp\/v2\/pages\/64\/revisions\/148"}],"up":[{"embeddable":true,"href":"https:\/\/vereincassiopeia.ch\/index.php\/wp-json\/wp\/v2\/pages\/9"}],"wp:attachment":[{"href":"https:\/\/vereincassiopeia.ch\/index.php\/wp-json\/wp\/v2\/media?parent=64"}],"curies":[{"name":"wp","href":"https:\/\/api.w.org\/{rel}","templated":true}]}}